{"id":10,"date":"2026-04-27T08:19:48","date_gmt":"2026-04-27T06:19:48","guid":{"rendered":"https:\/\/coyotex.de\/?page_id=10"},"modified":"2026-04-27T09:05:28","modified_gmt":"2026-04-27T07:05:28","slug":"impressum","status":"publish","type":"page","link":"https:\/\/coyotex.de\/index.php\/impressum\/","title":{"rendered":"Impressum"},"content":{"rendered":"\r\n<p>Vielleicht bist du k\u00fcnstlerisch t\u00e4tig und m\u00f6chtest dich und deine Arbeiten hier vorstellen. Oder du hast vielleicht ein Unternehmen, dessen Mission du hier beschreiben m\u00f6chtest.<\/p>\r\n","protected":false},"excerpt":{"rendered":"<p>Vielleicht bist du k\u00fcnstlerisch t\u00e4tig und m\u00f6chtest dich und deine Arbeiten hier vorstellen. Oder du hast vielleicht ein Unternehmen, dessen Mission du hier beschreiben m\u00f6chtest.<\/p>\n","protected":false},"author":1,"featured_media":7,"parent":0,"menu_order":0,"comment_status":"closed","ping_status":"closed","template":"","meta":{"footnotes":""},"class_list":["post-10","page","type-page","status-publish","has-post-thumbnail","hentry"],"_links":{"self":[{"href":"https:\/\/coyotex.de\/index.php\/wp-json\/wp\/v2\/pages\/10","targetHints":{"allow":["GET"]}}],"collection":[{"href":"https:\/\/coyotex.de\/index.php\/wp-json\/wp\/v2\/pages"}],"about":[{"href":"https:\/\/coyotex.de\/index.php\/wp-json\/wp\/v2\/types\/page"}],"author":[{"embeddable":true,"href":"https:\/\/coyotex.de\/index.php\/wp-json\/wp\/v2\/users\/1"}],"replies":[{"embeddable":true,"href":"https:\/\/coyotex.de\/index.php\/wp-json\/wp\/v2\/comments?post=10"}],"version-history":[{"count":1,"href":"https:\/\/coyotex.de\/index.php\/wp-json\/wp\/v2\/pages\/10\/revisions"}],"predecessor-version":[{"id":18,"href":"https:\/\/coyotex.de\/index.php\/wp-json\/wp\/v2\/pages\/10\/revisions\/18"}],"wp:featuredmedia":[{"embeddable":true,"href":"https:\/\/coyotex.de\/index.php\/wp-json\/wp\/v2\/media\/7"}],"wp:attachment":[{"href":"https:\/\/coyotex.de\/index.php\/wp-json\/wp\/v2\/media?parent=10"}],"curies":[{"name":"wp","href":"https:\/\/api.w.org\/{rel}","templated":true}]}}